{"id":12324,"date":"2020-11-12T11:10:26","date_gmt":"2020-11-12T11:10:26","guid":{"rendered":"https:\/\/oslcdevelopments.org\/black-lives-matter\/"},"modified":"2026-04-04T22:33:38","modified_gmt":"2026-04-04T22:33:38","slug":"black-lives-matter","status":"publish","type":"page","link":"https:\/\/oslcdevelopments.org\/es\/black-lives-matter\/","title":{"rendered":"Black Lives Matter"},"content":{"rendered":"\n<p>En Centro de Aprendizaje Social de Oregon y nuestra organizaci\u00f3n afiliada OSLC Developments Inc., nos solidarizamos con la comunidad negra. Reconocemos la larga historia de sesgos raciales en la ciencia. No podemos llevar a cabo nuestra misi\u00f3n de fortalecer a los ni\u00f1os, adolescentes, familias, y comunidades sin abordar el tema del racismo dentro de nuestra organizaci\u00f3n y dentro de la investigaci\u00f3n cient\u00edfica en general.<\/p>\n\n<p>La muerte de George Floyd, Ahmaud Arbery, y Breonna Taylor y la consecuente ola de manifestaciones han destacado los a\u00f1os de opresi\u00f3n y muertes similares que han ocurrido y que han pasado mayormente sin noticias. Tambi\u00e9n debemos reconocer las microagresiones contra la comunidad negra de las que anteriormente no nos hemos dado cuenta como organizaci\u00f3n. Ha pasado demasiado tiempo sin reflexi\u00f3n y debemos cambiarlo. Reconocemos varios puntos ciegos en nuestros esfuerzos pasados que tomaremos medidas inmediatas para rectificar. Esto incluir\u00e1 la creaci\u00f3n a nivel de la organizaci\u00f3n de una declaraci\u00f3n y plan de acci\u00f3n sobre la diversidad, la equidad, y la inclusi\u00f3n. Adem\u00e1s, nuestra Junta de Directores actualmente carece de representaci\u00f3n de la comunidad negra y trabajaremos para cambiar esto. Aparte de estas acciones inmediatas, seguiremos identificando y tomando pasos concretos para promover la diversidad, la equidad, y el antirracismo dentro de nuestra organizaci\u00f3n y a trav\u00e9s de las comunidades donde realizamos nuestro trabajo.<\/p>\n\n<p>Reconocemos que una declaraci\u00f3n hecha cuando todas las miradas est\u00e1n puestas en un asunto no es m\u00e1s que palabras. El cambio se logra a trav\u00e9s de la acci\u00f3n considerada, informada, intencional, y duradera. Estamos comprometidos al trabajo en colaboraci\u00f3n con los sistemas de servicios p\u00fablicos, las escuelas, las comunidades, y las agencias, para construir un mundo equitativo y justo mediante el uso de pr\u00e1cticas basadas en la evidencia cient\u00edfica que promueven el desarrollo y el desempe\u00f1o familiar sanos. Nos responsabilizaremos del seguimiento de las medidas y agradeceremos las aportaciones de los miembros de nuestra comunidad. Juntos, lo haremos mejor.<\/p>\n\n<p><em>Encuentre aqu\u00ed m\u00e1s informaci\u00f3n sobre nuestro trabajo para mejorar <a href=\"https:\/\/www.oslc.org\/about\/diversity-equity-and-inclusion\/\" data-type=\"URL\" data-id=\"https:\/\/www.oslc.org\/about\/diversity-equity-and-inclusion\/\">la diversidad, la equidad, y la inclusi\u00f3n:<\/a><\/em><\/p>\n","protected":false},"excerpt":{"rendered":"<p>En Centro de Aprendizaje Social de Oregon y nuestra organizaci\u00f3n afiliada OSLC Developments Inc., nos solidarizamos con la comunidad negra. Reconocemos la larga historia de sesgos raciales en la ciencia. No podemos llevar a cabo nuestra misi\u00f3n de fortalecer a los ni\u00f1os, adolescentes, familias, y comunidades sin abordar el tema del racismo dentro de nuestra [&hellip;]<\/p>\n","protected":false},"author":7,"featured_media":0,"parent":0,"menu_order":7,"comment_status":"closed","ping_status":"closed","template":"","meta":{"_acf_changed":false,"_seopress_robots_primary_cat":"","_seopress_titles_title":"","_seopress_titles_desc":"","_seopress_robots_index":"","_seopress_analysis_target_kw":"","site-sidebar-layout":"default","site-content-layout":"page-builder","ast-site-content-layout":"full-width-container","site-content-style":"unboxed","site-sidebar-style":"unboxed","ast-global-header-display":"","ast-banner-title-visibility":"","ast-main-header-display":"","ast-hfb-above-header-display":"","ast-hfb-below-header-display":"","ast-hfb-mobile-header-display":"","site-post-title":"disabled","ast-breadcrumbs-content":"","ast-featured-img":"","footer-sml-layout":"","ast-disable-related-posts":"","theme-transparent-header-meta":"","adv-header-id-meta":"","stick-header-meta":"","header-above-stick-meta":"","header-main-stick-meta":"","header-below-stick-meta":"","astra-migrate-meta-layouts":"default","ast-page-background-enabled":"default","ast-page-background-meta":{"desktop":{"background-color":"","background-image":"","background-repeat":"repeat","background-position":"center center","background-size":"auto","background-attachment":"scroll","background-type":"","background-media":"","overlay-type":"","overlay-color":"","overlay-opacity":"","overlay-gradient":""},"tablet":{"background-color":"","background-image":"","background-repeat":"repeat","background-position":"center center","background-size":"auto","background-attachment":"scroll","background-type":"","background-media":"","overlay-type":"","overlay-color":"","overlay-opacity":"","overlay-gradient":""},"mobile":{"background-color":"","background-image":"","background-repeat":"repeat","background-position":"center center","background-size":"auto","background-attachment":"scroll","background-type":"","background-media":"","overlay-type":"","overlay-color":"","overlay-opacity":"","overlay-gradient":""}},"ast-content-background-meta":{"desktop":{"background-color":"var(--ast-global-color-5)","background-image":"","background-repeat":"repeat","background-position":"center center","background-size":"auto","background-attachment":"scroll","background-type":"","background-media":"","overlay-type":"","overlay-color":"","overlay-opacity":"","overlay-gradient":""},"tablet":{"background-color":"var(--ast-global-color-5)","background-image":"","background-repeat":"repeat","background-position":"center center","background-size":"auto","background-attachment":"scroll","background-type":"","background-media":"","overlay-type":"","overlay-color":"","overlay-opacity":"","overlay-gradient":""},"mobile":{"background-color":"var(--ast-global-color-5)","background-image":"","background-repeat":"repeat","background-position":"center center","background-size":"auto","background-attachment":"scroll","background-type":"","background-media":"","overlay-type":"","overlay-color":"","overlay-opacity":"","overlay-gradient":""}},"footnotes":""},"class_list":["post-12324","page","type-page","status-publish","hentry"],"acf":[],"_links":{"self":[{"href":"https:\/\/oslcdevelopments.org\/es\/wp-json\/wp\/v2\/pages\/12324","targetHints":{"allow":["GET"]}}],"collection":[{"href":"https:\/\/oslcdevelopments.org\/es\/wp-json\/wp\/v2\/pages"}],"about":[{"href":"https:\/\/oslcdevelopments.org\/es\/wp-json\/wp\/v2\/types\/page"}],"author":[{"embeddable":true,"href":"https:\/\/oslcdevelopments.org\/es\/wp-json\/wp\/v2\/users\/7"}],"replies":[{"embeddable":true,"href":"https:\/\/oslcdevelopments.org\/es\/wp-json\/wp\/v2\/comments?post=12324"}],"version-history":[{"count":6,"href":"https:\/\/oslcdevelopments.org\/es\/wp-json\/wp\/v2\/pages\/12324\/revisions"}],"predecessor-version":[{"id":12481,"href":"https:\/\/oslcdevelopments.org\/es\/wp-json\/wp\/v2\/pages\/12324\/revisions\/12481"}],"wp:attachment":[{"href":"https:\/\/oslcdevelopments.org\/es\/wp-json\/wp\/v2\/media?parent=12324"}],"curies":[{"name":"wp","href":"https:\/\/api.w.org\/{rel}","templated":true}]}}